{"id":165,"date":"2024-01-15T15:43:10","date_gmt":"2024-01-15T13:43:10","guid":{"rendered":"https:\/\/emtal.ro\/?page_id=165"},"modified":"2024-11-06T17:16:41","modified_gmt":"2024-11-06T15:16:41","slug":"politica-de-confidentialitate","status":"publish","type":"page","link":"https:\/\/emtal.ro\/en\/politica-de-confidentialitate\/","title":{"rendered":"Privacy policy"},"content":{"rendered":"\n[et_pb_section fb_built=&#8221;1&#8243; _builder_version=&#8221;4.23.4&#8243; _module_preset=&#8221;default&#8221; background_color=&#8221;#2B1E35&#8243; da_disable_devices=&#8221;off|off|off&#8221; global_colors_info=&#8221;{}&#8221; da_is_popup=&#8221;off&#8221; da_exit_intent=&#8221;off&#8221; da_has_close=&#8221;on&#8221; da_alt_close=&#8221;off&#8221; da_dark_close=&#8221;off&#8221; da_not_modal=&#8221;on&#8221; da_is_singular=&#8221;off&#8221; da_with_loader=&#8221;off&#8221; da_has_shadow=&#8221;on&#8221;][et_pb_row _builder_version=&#8221;4.23.4&#8243; _module_preset=&#8221;default&#8221; global_colors_info=&#8221;{}&#8221;][et_pb_column type=&#8221;4_4&#8243; _builder_version=&#8221;4.23.4&#8243; _module_preset=&#8221;default&#8221; global_colors_info=&#8221;{}&#8221;][et_pb_text _builder_version=&#8221;4.23.4&#8243; _module_preset=&#8221;default&#8221; hover_enabled=&#8221;0&#8243; global_colors_info=&#8221;{}&#8221; sticky_enabled=&#8221;0&#8243;]<h1 style=\"text-align: center;\">Politica de confiden\u021bialitate<\/h1>[\/et_pb_text][\/et_pb_column][\/et_pb_row][\/et_pb_section][et_pb_section fb_built=&#8221;1&#8243; _builder_version=&#8221;4.23.4&#8243; _module_preset=&#8221;default&#8221; da_disable_devices=&#8221;off|off|off&#8221; global_colors_info=&#8221;{}&#8221; da_is_popup=&#8221;off&#8221; da_exit_intent=&#8221;off&#8221; da_has_close=&#8221;on&#8221; da_alt_close=&#8221;off&#8221; da_dark_close=&#8221;off&#8221; da_not_modal=&#8221;on&#8221; da_is_singular=&#8221;off&#8221; da_with_loader=&#8221;off&#8221; da_has_shadow=&#8221;on&#8221;][et_pb_row use_custom_gutter=&#8221;on&#8221; gutter_width=&#8221;2&#8243; _builder_version=&#8221;4.23.4&#8243; _module_preset=&#8221;default&#8221; global_colors_info=&#8221;{}&#8221;][et_pb_column type=&#8221;4_4&#8243; _builder_version=&#8221;4.23.4&#8243; _module_preset=&#8221;default&#8221; global_colors_info=&#8221;{}&#8221;][et_pb_text _builder_version=&#8221;4.23.4&#8243; _module_preset=&#8221;8ff85d32-a226-4b62-84da-4d8b61d933d0&#8243; global_colors_info=&#8221;{}&#8221;]<h4><strong>1. Colectarea Datelor Personale<\/strong><\/h4>\n<p>Colect\u0103m datele personale pe care ni le furniza\u021bi voluntar atunci c\u00e2nd completa\u021bi formularele de pe site. Aceste date includ numele, adresa de e-mail, num\u0103rul de telefon \u0219i alte detalii necesare pentru a v\u0103 contacta \u0219i a v\u0103 oferi serviciile solicitate.<\/p>\n<p>&nbsp;<\/p>\n<h4><strong>2. Utilizarea Datelor<\/strong><\/h4>\n<p>Utiliz\u0103m datele personale exclusiv pentru scopul pentru care au fost colectate, inclusiv pentru a r\u0103spunde solicit\u0103rilor dumneavoastr\u0103 \u0219i a v\u0103 furniza informa\u021bii \u0219i servicii relevante.<\/p>\n<p>&nbsp;<\/p>\n<h4><strong>3. Securitatea Datelor<\/strong><\/h4>\n<p>Ne angaj\u0103m s\u0103 protej\u0103m securitatea datelor dumneavoastr\u0103 personale. Implement\u0103m m\u0103suri tehnice \u0219i organizatorice adecvate pentru a preveni accesul neautorizat, divulgarea, modificarea sau distrugerea datelor personale.<\/p>\n<p>&nbsp;<\/p>\n<h4><strong>4. Drepturile Dvs.<\/strong><\/h4>\n<p>Ave\u021bi dreptul s\u0103 solicita\u021bi acces la datele personale pe care le de\u021binem despre dumneavoastr\u0103, s\u0103 solicita\u021bi rectificarea sau \u0219tergerea acestora, sau s\u0103 restric\u021biona\u021bi procesarea lor. Pentru a exercita aceste drepturi, v\u0103 rug\u0103m s\u0103 ne contacta\u021bi la adresa de e-mail: <a target=\"_new\" rel=\"noreferrer noopener\">contact@emtal.ro<\/a>.<\/p>\n<p>&nbsp;<\/p>\n<h4><strong>5. Folosirea Cookie-urilor \u0219i a Tehnologiilor de Urm\u0103rire<\/strong><\/h4>\n<p>Folosim tehnologii de urm\u0103rire, cum ar fi Google Analytics \u0219i Facebook Pixel, pentru a analiza traficul pe site \u0219i pentru a \u00eembun\u0103t\u0103\u021bi experien\u021ba utilizatorilor. Aceste tehnologii colecteaz\u0103 informa\u021bii despre modul \u00een care este utilizat site-ul nostru, informa\u021bii pe care le utiliz\u0103m pentru a \u00eembun\u0103t\u0103\u021bi con\u021binutul \u0219i func\u021bionalit\u0103\u021bile site-ului.<\/p>\n<p>&nbsp;<\/p>\n<h4><strong>6. Modific\u0103ri ale Politicii de Confiden\u021bialitate<\/strong><\/h4>\n<p>Politica de confiden\u021bialitate poate fi actualizat\u0103 periodic. Orice modific\u0103ri vor fi comunicate pe site-ul nostru \u0219i vor intra \u00een vigoare imediat dup\u0103 publicarea lor.<\/p>\n<p>Aceste documente sunt menite s\u0103 serveasc\u0103 ca un punct de plecare \u0219i, din nou, este esen\u021bial s\u0103 fie personalizate \u0219i verificate de un specialist juridic pentru a se asigura c\u0103 sunt complet conforme cu legile \u00een vigoare \u0219i c\u0103 adreseaz\u0103 specificul afacerii dumneavoastr\u0103.<\/p>[\/et_pb_text][\/et_pb_column][\/et_pb_row][\/et_pb_section]\n","protected":false},"excerpt":{"rendered":"<p>Politica de confiden\u021bialitate1. Colectarea Datelor Personale Colect\u0103m datele personale pe care ni le furniza\u021bi voluntar atunci c\u00e2nd completa\u021bi formularele de pe site. Aceste date includ numele, adresa de e-mail, num\u0103rul de telefon \u0219i alte detalii necesare pentru a v\u0103 contacta \u0219i a v\u0103 oferi serviciile solicitate. &nbsp; 2. Utilizarea Datelor Utiliz\u0103m datele personale exclusiv pentru scopul pentru care au fost colectate, inclusiv pentru a r\u0103spunde solicit\u0103rilor dumneavoastr\u0103 \u0219i a v\u0103 furniza informa\u021bii \u0219i servicii relevante. &nbsp; 3. Securitatea Datelor Ne angaj\u0103m s\u0103 protej\u0103m securitatea datelor dumneavoastr\u0103 personale. Implement\u0103m m\u0103suri tehnice \u0219i organizatorice adecvate pentru a preveni accesul neautorizat, divulgarea, modificarea sau distrugerea datelor personale. &nbsp; 4. Drepturile Dvs. Ave\u021bi dreptul s\u0103 solicita\u021bi acces la datele personale pe care le de\u021binem despre dumneavoastr\u0103, s\u0103 solicita\u021bi rectificarea sau \u0219tergerea acestora, sau s\u0103 restric\u021biona\u021bi procesarea lor. Pentru a exercita aceste drepturi, v\u0103 rug\u0103m s\u0103 ne contacta\u021bi la adresa de e-mail: contact@emtal.ro. &nbsp; 5. Folosirea Cookie-urilor \u0219i a Tehnologiilor de Urm\u0103rire Folosim tehnologii de urm\u0103rire, cum ar fi Google Analytics \u0219i Facebook Pixel, pentru a analiza traficul pe site \u0219i pentru a \u00eembun\u0103t\u0103\u021bi experien\u021ba utilizatorilor. Aceste tehnologii colecteaz\u0103 informa\u021bii despre modul \u00een care este utilizat site-ul nostru, informa\u021bii pe care le utiliz\u0103m pentru a [&hellip;]<\/p>\n","protected":false},"author":1,"featured_media":0,"parent":0,"menu_order":0,"comment_status":"closed","ping_status":"closed","template":"","meta":{"_et_pb_use_builder":"on","_et_pb_old_content":"<!-- wp:divi\/placeholder \/-->","_et_gb_content_width":"","inline_featured_image":false,"footnotes":""},"class_list":["post-165","page","type-page","status-publish","hentry"],"_links":{"self":[{"href":"https:\/\/emtal.ro\/en\/wp-json\/wp\/v2\/pages\/165","targetHints":{"allow":["GET"]}}],"collection":[{"href":"https:\/\/emtal.ro\/en\/wp-json\/wp\/v2\/pages"}],"about":[{"href":"https:\/\/emtal.ro\/en\/wp-json\/wp\/v2\/types\/page"}],"author":[{"embeddable":true,"href":"https:\/\/emtal.ro\/en\/wp-json\/wp\/v2\/users\/1"}],"replies":[{"embeddable":true,"href":"https:\/\/emtal.ro\/en\/wp-json\/wp\/v2\/comments?post=165"}],"version-history":[{"count":5,"href":"https:\/\/emtal.ro\/en\/wp-json\/wp\/v2\/pages\/165\/revisions"}],"predecessor-version":[{"id":72506,"href":"https:\/\/emtal.ro\/en\/wp-json\/wp\/v2\/pages\/165\/revisions\/72506"}],"wp:attachment":[{"href":"https:\/\/emtal.ro\/en\/wp-json\/wp\/v2\/media?parent=165"}],"curies":[{"name":"wp","href":"https:\/\/api.w.org\/{rel}","templated":true}]}}