{"id":167,"date":"2024-01-15T15:43:26","date_gmt":"2024-01-15T13:43:26","guid":{"rendered":"https:\/\/emtal.ro\/?page_id=167"},"modified":"2024-11-06T17:15:10","modified_gmt":"2024-11-06T15:15:10","slug":"termeni-si-conditii","status":"publish","type":"page","link":"https:\/\/emtal.ro\/en\/termeni-si-conditii\/","title":{"rendered":"Terms and conditions"},"content":{"rendered":"\n[et_pb_section fb_built=&#8221;1&#8243; _builder_version=&#8221;4.23.4&#8243; _module_preset=&#8221;default&#8221; background_color=&#8221;#2B1E35&#8243; da_disable_devices=&#8221;off|off|off&#8221; global_colors_info=&#8221;{}&#8221; theme_builder_area=&#8221;post_content&#8221; da_is_popup=&#8221;off&#8221; da_exit_intent=&#8221;off&#8221; da_has_close=&#8221;on&#8221; da_alt_close=&#8221;off&#8221; da_dark_close=&#8221;off&#8221; da_not_modal=&#8221;on&#8221; da_is_singular=&#8221;off&#8221; da_with_loader=&#8221;off&#8221; da_has_shadow=&#8221;on&#8221;][et_pb_row _builder_version=&#8221;4.23.4&#8243; _module_preset=&#8221;default&#8221; global_colors_info=&#8221;{}&#8221; theme_builder_area=&#8221;post_content&#8221;][et_pb_column type=&#8221;4_4&#8243; _builder_version=&#8221;4.23.4&#8243; _module_preset=&#8221;default&#8221; global_colors_info=&#8221;{}&#8221; theme_builder_area=&#8221;post_content&#8221;][et_pb_text _builder_version=&#8221;4.23.4&#8243; _module_preset=&#8221;default&#8221; hover_enabled=&#8221;0&#8243; global_colors_info=&#8221;{}&#8221; theme_builder_area=&#8221;post_content&#8221; sticky_enabled=&#8221;0&#8243;]<h1 style=\"text-align: center;\">Termeni \u0219i condi\u021bii<\/h1>[\/et_pb_text][\/et_pb_column][\/et_pb_row][\/et_pb_section][et_pb_section fb_built=&#8221;1&#8243; _builder_version=&#8221;4.23.4&#8243; _module_preset=&#8221;default&#8221; da_disable_devices=&#8221;off|off|off&#8221; global_colors_info=&#8221;{}&#8221; theme_builder_area=&#8221;post_content&#8221; da_is_popup=&#8221;off&#8221; da_exit_intent=&#8221;off&#8221; da_has_close=&#8221;on&#8221; da_alt_close=&#8221;off&#8221; da_dark_close=&#8221;off&#8221; da_not_modal=&#8221;on&#8221; da_is_singular=&#8221;off&#8221; da_with_loader=&#8221;off&#8221; da_has_shadow=&#8221;on&#8221;][et_pb_row use_custom_gutter=&#8221;on&#8221; gutter_width=&#8221;2&#8243; _builder_version=&#8221;4.23.4&#8243; _module_preset=&#8221;default&#8221; global_colors_info=&#8221;{}&#8221; theme_builder_area=&#8221;post_content&#8221;][et_pb_column type=&#8221;4_4&#8243; _builder_version=&#8221;4.23.4&#8243; _module_preset=&#8221;default&#8221; global_colors_info=&#8221;{}&#8221; theme_builder_area=&#8221;post_content&#8221;][et_pb_text _builder_version=&#8221;4.23.4&#8243; _module_preset=&#8221;8ff85d32-a226-4b62-84da-4d8b61d933d0&#8243; theme_builder_area=&#8221;post_content&#8221; hover_enabled=&#8221;0&#8243; sticky_enabled=&#8221;0&#8243;]<h4><strong>1. Introducere<\/strong><\/h4>\n<p>Ace\u0219ti Termeni \u0219i Condi\u021bii reglementeaz\u0103 utilizarea site-ului Emtal.ro, administrat de Emtal Energy SRL, cu sediul \u00een Jud. Cluj, Sat Flore\u015fti Com. Flore\u015fti, Str. Eroilor, Nr.124, Sc.2, Ap.30, CUI 29974270, num\u0103r de \u00eenregistrare J12\/796\/2012. Prin accesarea acestui site, confirma\u021bi c\u0103 a\u021bi citit, \u00een\u021beles \u0219i acceptat ace\u0219ti Termeni \u0219i Condi\u021bii.<\/p>\n<p>&nbsp;<\/p>\n<h4><strong>2. Utilizarea Site-ului<\/strong><\/h4>\n<p>Site-ul Emtal.ro are ca scop furnizarea de informa\u021bii despre produsele \u0219i serviciile oferite de Emtal Energy SRL \u0219i generarea de leaduri. Utilizatorii pot completa formulare pe site pentru a fi contacta\u021bi de un agent Emtal \u00een vederea discut\u0103rii detaliilor \u0219i a primirii unei oferte personalizate.<\/p>\n<p>&nbsp;<\/p>\n<h4><strong>3. Drepturi de Proprietate Intelectual\u0103<\/strong><\/h4>\n<p>Con\u021binutul site-ului, inclusiv textele, grafica, logo-urile \u0219i imaginile, este proprietatea Emtal Energy SRL \u0219i este protejat de legea drepturilor de autor \u0219i alte legi relevante privind protec\u021bia propriet\u0103\u021bii intelectuale.<\/p>\n<p>&nbsp;<\/p>\n<h4><strong>4. Limit\u0103ri de R\u0103spundere<\/strong><\/h4>\n<p>Emtal Energy SRL nu garanteaz\u0103 exactitatea, completitudinea sau actualitatea informa\u021biilor prezentate pe site. Compania nu va fi responsabil\u0103 pentru nicio pierdere sau daun\u0103 rezultat\u0103 din utilizarea acestor informa\u021bii.<\/p>\n<p>&nbsp;<\/p>\n<h4><strong>5. Modific\u0103ri ale Termenilor \u0219i Condi\u021biilor<\/strong><\/h4>\n<p>Emtal Energy SRL \u00ee\u0219i rezerv\u0103 dreptul de a modifica ace\u0219ti termeni \u0219i condi\u021bii la orice moment, f\u0103r\u0103 notificare prealabil\u0103. Modific\u0103rile vor fi postate pe site \u0219i vor deveni efective imediat.<\/p>[\/et_pb_text][\/et_pb_column][\/et_pb_row][\/et_pb_section]\n","protected":false},"excerpt":{"rendered":"<p>Termeni \u0219i condi\u021bii1. Introducere Ace\u0219ti Termeni \u0219i Condi\u021bii reglementeaz\u0103 utilizarea site-ului Emtal.ro, administrat de Emtal Energy SRL, cu sediul \u00een Jud. Cluj, Sat Flore\u015fti Com. Flore\u015fti, Str. Eroilor, Nr.124, Sc.2, Ap.30, CUI 29974270, num\u0103r de \u00eenregistrare J12\/796\/2012. Prin accesarea acestui site, confirma\u021bi c\u0103 a\u021bi citit, \u00een\u021beles \u0219i acceptat ace\u0219ti Termeni \u0219i Condi\u021bii. &nbsp; 2. Utilizarea Site-ului Site-ul Emtal.ro are ca scop furnizarea de informa\u021bii despre produsele \u0219i serviciile oferite de Emtal Energy SRL \u0219i generarea de leaduri. Utilizatorii pot completa formulare pe site pentru a fi contacta\u021bi de un agent Emtal \u00een vederea discut\u0103rii detaliilor \u0219i a primirii unei oferte personalizate. &nbsp; 3. Drepturi de Proprietate Intelectual\u0103 Con\u021binutul site-ului, inclusiv textele, grafica, logo-urile \u0219i imaginile, este proprietatea Emtal Energy SRL \u0219i este protejat de legea drepturilor de autor \u0219i alte legi relevante privind protec\u021bia propriet\u0103\u021bii intelectuale. &nbsp; 4. Limit\u0103ri de R\u0103spundere Emtal Energy SRL nu garanteaz\u0103 exactitatea, completitudinea sau actualitatea informa\u021biilor prezentate pe site. Compania nu va fi responsabil\u0103 pentru nicio pierdere sau daun\u0103 rezultat\u0103 din utilizarea acestor informa\u021bii. &nbsp; 5. Modific\u0103ri ale Termenilor \u0219i Condi\u021biilor Emtal Energy SRL \u00ee\u0219i rezerv\u0103 dreptul de a modifica ace\u0219ti termeni \u0219i condi\u021bii la orice moment, f\u0103r\u0103 notificare prealabil\u0103. Modific\u0103rile vor fi postate pe [&hellip;]<\/p>\n","protected":false},"author":1,"featured_media":0,"parent":0,"menu_order":0,"comment_status":"closed","ping_status":"closed","template":"","meta":{"_et_pb_use_builder":"on","_et_pb_old_content":"<!-- wp:divi\/placeholder \/-->","_et_gb_content_width":"","inline_featured_image":false,"footnotes":""},"class_list":["post-167","page","type-page","status-publish","hentry"],"_links":{"self":[{"href":"https:\/\/emtal.ro\/en\/wp-json\/wp\/v2\/pages\/167","targetHints":{"allow":["GET"]}}],"collection":[{"href":"https:\/\/emtal.ro\/en\/wp-json\/wp\/v2\/pages"}],"about":[{"href":"https:\/\/emtal.ro\/en\/wp-json\/wp\/v2\/types\/page"}],"author":[{"embeddable":true,"href":"https:\/\/emtal.ro\/en\/wp-json\/wp\/v2\/users\/1"}],"replies":[{"embeddable":true,"href":"https:\/\/emtal.ro\/en\/wp-json\/wp\/v2\/comments?post=167"}],"version-history":[{"count":4,"href":"https:\/\/emtal.ro\/en\/wp-json\/wp\/v2\/pages\/167\/revisions"}],"predecessor-version":[{"id":72505,"href":"https:\/\/emtal.ro\/en\/wp-json\/wp\/v2\/pages\/167\/revisions\/72505"}],"wp:attachment":[{"href":"https:\/\/emtal.ro\/en\/wp-json\/wp\/v2\/media?parent=167"}],"curies":[{"name":"wp","href":"https:\/\/api.w.org\/{rel}","templated":true}]}}