{"id":59,"date":"2024-01-14T15:49:18","date_gmt":"2024-01-14T15:49:18","guid":{"rendered":"https:\/\/emtal.ro\/?page_id=59"},"modified":"2024-11-06T17:06:24","modified_gmt":"2024-11-06T15:06:24","slug":"proiectare","status":"publish","type":"page","link":"https:\/\/emtal.ro\/en\/proiectare\/","title":{"rendered":"Design services"},"content":{"rendered":"\n[et_pb_section fb_built=&#8221;1&#8243; _builder_version=&#8221;4.23.4&#8243; _module_preset=&#8221;default&#8221; background_color=&#8221;#2B1E35&#8243; min_height=&#8221;600px&#8221; custom_margin=&#8221;||||false|false&#8221; custom_padding=&#8221;75px||75px||false|false&#8221; bottom_divider_style=&#8221;graph2&#8243; bottom_divider_color=&#8221;#fafafa&#8221; bottom_divider_height=&#8221;31px&#8221; bottom_divider_repeat=&#8221;1x&#8221; custom_css_main_element=&#8221;display:flex;||flex-direction:column;||align-items:center;&#8221; da_disable_devices=&#8221;off|off|off&#8221; global_colors_info=&#8221;{}&#8221; da_is_popup=&#8221;off&#8221; da_exit_intent=&#8221;off&#8221; da_has_close=&#8221;on&#8221; da_alt_close=&#8221;off&#8221; da_dark_close=&#8221;off&#8221; da_not_modal=&#8221;on&#8221; da_is_singular=&#8221;off&#8221; da_with_loader=&#8221;off&#8221; da_has_shadow=&#8221;on&#8221;][et_pb_row column_structure=&#8221;1_2,1_2&#8243; make_equal=&#8221;on&#8221; _builder_version=&#8221;4.23.4&#8243; _module_preset=&#8221;default&#8221; custom_css_main_element=&#8221;display:flex;||flex-direction:row;||align-items:center;||&#8221; global_colors_info=&#8221;{}&#8221; custom_margin=&#8221;||||false|false&#8221; custom_padding=&#8221;||||false|false&#8221; custom_padding_tablet=&#8221;||||false|false&#8221; custom_padding_phone=&#8221;0px||0px||true|false&#8221; custom_padding_last_edited=&#8221;on|phone&#8221; custom_css_main_element_tablet=&#8221;display:flex;||flex-direction:row;||align-items:center;||&#8221; custom_css_main_element_phone=&#8221;display:flex;||flex-direction:column-reverse !important;||&#8221; custom_css_main_element_last_edited=&#8221;on|phone&#8221; width_phone=&#8221;90%&#8221; width_last_edited=&#8221;on|phone&#8221;][et_pb_column type=&#8221;1_2&#8243; _builder_version=&#8221;4.23.4&#8243; _module_preset=&#8221;default&#8221; global_colors_info=&#8221;{}&#8221;][et_pb_heading _builder_version=&#8221;4.23.4&#8243; _module_preset=&#8221;default&#8221; title_font=&#8221;|700|||||||&#8221; global_colors_info=&#8221;{}&#8221;][\/et_pb_heading][et_pb_text _builder_version=&#8221;4.25.0&#8243; _module_preset=&#8221;103e5b82-33f2-4207-97f7-087f95682ce1&#8243; header_4_font=&#8221;|700||on|||||&#8221; global_colors_info=&#8221;{}&#8221;]<h4 style=\"text-align: left;\"><strong><span style=\"color: #ff6600;\">Ai un proiect complex?<\/span><\/strong><\/h4>\n<h1>Proiect\u0103m solu\u021bii complete de management al apei<\/h1>[\/et_pb_text][et_pb_text _builder_version=&#8221;4.25.0&#8243; _module_preset=&#8221;323b0647-719a-46f1-9926-b8aeab5c6f53&#8243; global_colors_info=&#8221;{}&#8221;]<div class=\"flex flex-grow flex-col max-w-full\">\n<div data-message-author-role=\"assistant\" data-message-id=\"ddb92be6-28f7-44a4-8a23-177e347c2ed6\" dir=\"auto\" class=\"min-h-[20px] text-message flex flex-col items-start whitespace-pre-wrap break-words [.text-message+&amp;]:mt-5 juice:w-full juice:items-end overflow-x-auto gap-2\">\n<div class=\"flex w-full flex-col gap-1 juice:empty:hidden juice:first:pt-[3px]\">\n<div class=\"markdown prose w-full break-words dark:prose-invert dark\">\n<p>Fie c\u0103 reprezin\u021bi o companie, o institu\u021bie public\u0103 sau e\u0219ti proprietar de locuin\u021b\u0103, echipa noastr\u0103 \u00ee\u021bi ofer\u0103 servicii de proiectare personalizate pentru gestionarea eficient\u0103 a apei.<\/p>\n<\/div>\n<\/div>\n<\/div>\n<\/div>[\/et_pb_text][dsm_button _builder_version=&#8221;4.23.4&#8243; _module_preset=&#8221;default&#8221; global_colors_info=&#8221;{}&#8221;][\/dsm_button][et_pb_button button_url=&#8221;#contact-form&#8221; button_text=&#8221;cere ofert\u0103&#8221; button_alignment=&#8221;left&#8221; _builder_version=&#8221;4.25.0&#8243; _module_preset=&#8221;default&#8221; custom_button=&#8221;on&#8221; button_text_size=&#8221;16px&#8221; button_text_color=&#8221;#FFFFFF&#8221; button_bg_color=&#8221;#EA4E00&#8243; button_bg_use_color_gradient=&#8221;on&#8221; button_bg_color_gradient_direction=&#8221;120deg&#8221; button_bg_color_gradient_stops=&#8221;#ea4e00 0%|#ff9700 100%&#8221; button_border_width=&#8221;0px&#8221; button_border_radius=&#8221;5px&#8221; button_font=&#8221;|700||on|||||&#8221; button_icon=&#8221;&#xf1d8;||fa||900&#8243; button_icon_color=&#8221;#FFFFFF&#8221; custom_margin=&#8221;||||false|false&#8221; custom_padding=&#8221;|40px||40px|false|false&#8221; box_shadow_style=&#8221;preset1&#8243; box_shadow_spread=&#8221;-2px&#8221; global_colors_info=&#8221;{}&#8221; button_bg_color__hover_enabled=&#8221;on|hover&#8221; button_bg_color__hover=&#8221;#EA4E00&#8243;][\/et_pb_button][\/et_pb_column][et_pb_column type=&#8221;1_2&#8243; _builder_version=&#8221;4.23.4&#8243; _module_preset=&#8221;default&#8221; global_colors_info=&#8221;{}&#8221;][et_pb_image src=&#8221;https:\/\/emtal.ro\/wp-content\/uploads\/2024\/05\/discussing-housing-project-2023-11-27-05-33-11-utc.webp&#8221; title_text=&#8221;discussing-housing-project-2023-11-27-05-33-11-utc&#8221; _builder_version=&#8221;4.25.0&#8243; _module_preset=&#8221;default&#8221; border_radii=&#8221;on|20px|20px|20px|20px&#8221; box_shadow_style=&#8221;preset2&#8243; global_colors_info=&#8221;{}&#8221;][\/et_pb_image][\/et_pb_column][\/et_pb_row][\/et_pb_section][et_pb_section fb_built=&#8221;1&#8243; _builder_version=&#8221;4.27.2&#8243; _module_preset=&#8221;default&#8221; background_color=&#8221;#FFFFFF&#8221; custom_padding=&#8221;75px||75px||false|false&#8221; bottom_divider_style=&#8221;graph3&#8243; bottom_divider_color=&#8221;#222222&#8243; bottom_divider_height=&#8221;30px&#8221; da_disable_devices=&#8221;off|off|off&#8221; global_colors_info=&#8221;{}&#8221; da_is_popup=&#8221;off&#8221; da_exit_intent=&#8221;off&#8221; da_has_close=&#8221;on&#8221; da_alt_close=&#8221;off&#8221; da_dark_close=&#8221;off&#8221; da_not_modal=&#8221;on&#8221; da_is_singular=&#8221;off&#8221; da_with_loader=&#8221;off&#8221; da_has_shadow=&#8221;on&#8221;][et_pb_row _builder_version=&#8221;4.23.4&#8243; _module_preset=&#8221;default&#8221; global_colors_info=&#8221;{}&#8221;][et_pb_column type=&#8221;4_4&#8243; _builder_version=&#8221;4.23.4&#8243; _module_preset=&#8221;default&#8221; global_colors_info=&#8221;{}&#8221;][et_pb_text _builder_version=&#8221;4.27.2&#8243; _module_preset=&#8221;8ff85d32-a226-4b62-84da-4d8b61d933d0&#8243; header_4_font=&#8221;|700||on|||||&#8221; max_width=&#8221;52%&#8221; module_alignment=&#8221;center&#8221; custom_margin=&#8221;0px||0px||false|false&#8221; custom_padding=&#8221;0px||0px||false|false&#8221; hover_enabled=&#8221;0&#8243; global_colors_info=&#8221;{}&#8221; max_width_last_edited=&#8221;on|phone&#8221; max_width_phone=&#8221;90%&#8221; sticky_enabled=&#8221;0&#8243; max_width_tablet=&#8221;52%&#8221;]<h4 style=\"text-align: center;\"><strong><span style=\"color: #ff6600;\">De ce sa lucrezi cu noi?<\/span><\/strong><\/h4>\n<h2 style=\"text-align: center;\">Avantajele principale ale unei colabor\u0103ri cu noi<\/h2>\n<h2 style=\"text-align: center;\"><\/h2>\n<ol><\/ol>[\/et_pb_text][\/et_pb_column][\/et_pb_row][et_pb_row column_structure=&#8221;1_3,1_3,1_3&#8243; _builder_version=&#8221;4.23.4&#8243; _module_preset=&#8221;default&#8221; global_colors_info=&#8221;{}&#8221;][et_pb_column type=&#8221;1_3&#8243; _builder_version=&#8221;4.23.4&#8243; _module_preset=&#8221;default&#8221; global_colors_info=&#8221;{}&#8221;][et_pb_blurb image=&#8221;https:\/\/emtal.ro\/wp-content\/uploads\/2024\/05\/CEO-1.svg&#8221; image_icon_width=&#8221;134px&#8221; icon_alignment=&#8221;left&#8221; _builder_version=&#8221;4.27.2&#8243; _module_preset=&#8221;default&#8221; header_font=&#8221;|700|||||||&#8221; image_icon_custom_margin=&#8221;|||0px|false|false&#8221; image_icon_custom_padding=&#8221;0px|0px|0px|0px|true|true&#8221; hover_enabled=&#8221;0&#8243; border_radii_image=&#8221;on|20px|20px|20px|20px&#8221; global_colors_info=&#8221;{}&#8221; icon_alignment_last_edited=&#8221;on|phone&#8221; sticky_enabled=&#8221;0&#8243; icon_alignment_phone=&#8221;center&#8221; header_text_align_last_edited=&#8221;on|phone&#8221; header_text_align_phone=&#8221;center&#8221; body_text_align_last_edited=&#8221;on|phone&#8221; body_text_align_phone=&#8221;center&#8221; icon_alignment_tablet=&#8221;left&#8221;]<h4 class=\"et_pb_module_header et-fb-editable-element et-fb-editable-element__editing\" data-shortcode-id=\"2.1.1.0-1713695102708\" data-quickaccess-id=\"header\" contenteditable=\"true\">Diversitate \u0219i expertiz\u0103<\/h4>\n<p>Oferim mii de produse de la zeci de produc\u0103tori, av\u00e2nd cuno\u0219tin\u021be detaliate despre fiecare produs pentru a putea furniza cele mai bune solu\u021bii pentru proiectul dumneavoastr\u0103.<\/p>[\/et_pb_blurb][\/et_pb_column][et_pb_column type=&#8221;1_3&#8243; _builder_version=&#8221;4.23.4&#8243; _module_preset=&#8221;default&#8221; global_colors_info=&#8221;{}&#8221;][et_pb_blurb title=&#8221;Eficien\u021b\u0103 \u0219i rapiditate&#8221; image=&#8221;https:\/\/emtal.ro\/wp-content\/uploads\/2024\/05\/clock-1.svg&#8221; image_icon_width=&#8221;134px&#8221; icon_alignment=&#8221;left&#8221; _builder_version=&#8221;4.27.2&#8243; _module_preset=&#8221;default&#8221; header_font=&#8221;|700|||||||&#8221; image_icon_custom_margin=&#8221;|||0px|false|false&#8221; image_icon_custom_padding=&#8221;0px|0px|0px|0px|true|true&#8221; border_radii_image=&#8221;on|20px|20px|20px|20px&#8221; global_colors_info=&#8221;{}&#8221; icon_alignment_phone=&#8221;center&#8221; icon_alignment_last_edited=&#8221;on|phone&#8221; body_text_align_last_edited=&#8221;on|phone&#8221; body_text_align_phone=&#8221;center&#8221; header_text_align_last_edited=&#8221;on|phone&#8221; header_text_align_phone=&#8221;center&#8221; hover_enabled=&#8221;0&#8243; sticky_enabled=&#8221;0&#8243; icon_alignment_tablet=&#8221;left&#8221;]<p>Ne m\u00e2ndrim cu promptitudinea noastr\u0103 \u00een livrarea proiectelor, asigur\u00e2ndu-ne c\u0103 respect\u0103m termenele limit\u0103 \u0219i nevoile urgente.<\/p>[\/et_pb_blurb][\/et_pb_column][et_pb_column type=&#8221;1_3&#8243; _builder_version=&#8221;4.23.4&#8243; _module_preset=&#8221;default&#8221; global_colors_info=&#8221;{}&#8221;][et_pb_blurb title=&#8221;Costuri corecte&#8221; image=&#8221;https:\/\/emtal.ro\/wp-content\/uploads\/2024\/05\/money-bag-1.svg&#8221; image_icon_width=&#8221;134px&#8221; icon_alignment=&#8221;left&#8221; _builder_version=&#8221;4.27.2&#8243; _module_preset=&#8221;default&#8221; header_font=&#8221;|700|||||||&#8221; image_icon_custom_margin=&#8221;|||0px|false|false&#8221; image_icon_custom_padding=&#8221;0px|0px|0px|0px|true|true&#8221; hover_enabled=&#8221;0&#8243; border_radii_image=&#8221;on|20px|20px|20px|20px&#8221; global_colors_info=&#8221;{}&#8221; header_text_align_last_edited=&#8221;on|phone&#8221; header_text_align_phone=&#8221;center&#8221; body_text_align_last_edited=&#8221;on|phone&#8221; body_text_align_phone=&#8221;center&#8221; icon_alignment_last_edited=&#8221;on|phone&#8221; icon_alignment_phone=&#8221;center&#8221; sticky_enabled=&#8221;0&#8243; icon_alignment_tablet=&#8221;left&#8221;]<p>Oferim solu\u021bii la pre\u021buri competitive, asigur\u00e2ndu-ne c\u0103 beneficia\u021bi de un raport excelent calitate-pre\u021b pentru toate serviciile noastre.<\/p>[\/et_pb_blurb][\/et_pb_column][\/et_pb_row][et_pb_row _builder_version=&#8221;4.25.0&#8243; _module_preset=&#8221;default&#8221; global_colors_info=&#8221;{}&#8221;][et_pb_column type=&#8221;4_4&#8243; _builder_version=&#8221;4.25.0&#8243; _module_preset=&#8221;default&#8221; global_colors_info=&#8221;{}&#8221;][et_pb_button button_url=&#8221;#contact-form&#8221; button_text=&#8221;cere ofert\u0103&#8221; button_alignment=&#8221;center&#8221; _builder_version=&#8221;4.25.0&#8243; _module_preset=&#8221;default&#8221; custom_button=&#8221;on&#8221; button_text_size=&#8221;16px&#8221; button_text_color=&#8221;#FFFFFF&#8221; button_bg_color=&#8221;#EA4E00&#8243; button_bg_use_color_gradient=&#8221;on&#8221; button_bg_color_gradient_direction=&#8221;120deg&#8221; button_bg_color_gradient_stops=&#8221;#ea4e00 0%|#ff9700 100%&#8221; button_border_width=&#8221;0px&#8221; button_border_radius=&#8221;5px&#8221; button_font=&#8221;|700||on|||||&#8221; button_icon=&#8221;&#xf1d8;||fa||900&#8243; button_icon_color=&#8221;#FFFFFF&#8221; custom_margin=&#8221;||||false|false&#8221; custom_padding=&#8221;|40px||40px|false|false&#8221; box_shadow_style=&#8221;preset1&#8243; box_shadow_spread=&#8221;-2px&#8221; global_colors_info=&#8221;{}&#8221; button_bg_color__hover_enabled=&#8221;on|hover&#8221; button_bg_color__hover=&#8221;#EA4E00&#8243;][\/et_pb_button][\/et_pb_column][\/et_pb_row][\/et_pb_section]\n","protected":false},"excerpt":{"rendered":"<p>Ai un proiect complex? Proiect\u0103m solu\u021bii complete de management al apei Fie c\u0103 reprezin\u021bi o companie, o institu\u021bie public\u0103 sau e\u0219ti proprietar de locuin\u021b\u0103, echipa noastr\u0103 \u00ee\u021bi ofer\u0103 servicii de proiectare personalizate pentru gestionarea eficient\u0103 a apei. <div class=\"et_pb_module dsm_button dsm_button_0 et_pb_bg_layout_light\">\n\t\t\t\t\n\t\t\t\t\n\t\t\t\t\n\t\t\t\t\n\t\t\t\t\n\t\t\t\t\n\t\t\t\t<div class=\"et_pb_module_inner\">\n\t\t\t\t\t<div class=\"et_pb_button_module_wrappers dsm_button_0_wrapper  et_pb_module\">\n\t\t\t\t\n\t\t\t<\/div>\n\t\t\t\t<\/div>\n\t\t\t<\/div>De ce sa lucrezi cu noi? Avantajele principale ale unei colabor\u0103ri cu noi Diversitate \u0219i expertiz\u0103 Oferim mii de produse de la zeci de produc\u0103tori, av\u00e2nd cuno\u0219tin\u021be detaliate despre fiecare produs pentru a putea furniza cele mai bune solu\u021bii pentru proiectul dumneavoastr\u0103.Ne m\u00e2ndrim cu promptitudinea noastr\u0103 \u00een livrarea proiectelor, asigur\u00e2ndu-ne c\u0103 respect\u0103m termenele limit\u0103 \u0219i nevoile urgente.Oferim solu\u021bii la pre\u021buri competitive, asigur\u00e2ndu-ne c\u0103 beneficia\u021bi de un raport excelent calitate-pre\u021b pentru toate serviciile noastre.<\/p>","protected":false},"author":1,"featured_media":0,"parent":0,"menu_order":0,"comment_status":"closed","ping_status":"closed","template":"","meta":{"_et_pb_use_builder":"on","_et_pb_old_content":"<!-- wp:divi\/placeholder \/-->","_et_gb_content_width":"","inline_featured_image":false,"footnotes":""},"class_list":["post-59","page","type-page","status-publish","hentry"],"_links":{"self":[{"href":"https:\/\/emtal.ro\/en\/wp-json\/wp\/v2\/pages\/59","targetHints":{"allow":["GET"]}}],"collection":[{"href":"https:\/\/emtal.ro\/en\/wp-json\/wp\/v2\/pages"}],"about":[{"href":"https:\/\/emtal.ro\/en\/wp-json\/wp\/v2\/types\/page"}],"author":[{"embeddable":true,"href":"https:\/\/emtal.ro\/en\/wp-json\/wp\/v2\/users\/1"}],"replies":[{"embeddable":true,"href":"https:\/\/emtal.ro\/en\/wp-json\/wp\/v2\/comments?post=59"}],"version-history":[{"count":10,"href":"https:\/\/emtal.ro\/en\/wp-json\/wp\/v2\/pages\/59\/revisions"}],"predecessor-version":[{"id":72496,"href":"https:\/\/emtal.ro\/en\/wp-json\/wp\/v2\/pages\/59\/revisions\/72496"}],"wp:attachment":[{"href":"https:\/\/emtal.ro\/en\/wp-json\/wp\/v2\/media?parent=59"}],"curies":[{"name":"wp","href":"https:\/\/api.w.org\/{rel}","templated":true}]}}