{"id":65,"date":"2024-01-14T15:50:03","date_gmt":"2024-01-14T15:50:03","guid":{"rendered":"https:\/\/emtal.ro\/?page_id=65"},"modified":"2024-10-05T20:43:40","modified_gmt":"2024-10-05T18:43:40","slug":"blog","status":"publish","type":"page","link":"https:\/\/emtal.ro\/en\/blog\/","title":{"rendered":"Blog"},"content":{"rendered":"<p>[et_pb_section fb_built=&#8221;1&#8243; _builder_version=&#8221;4.23.4&#8243; _module_preset=&#8221;default&#8221; background_color=&#8221;#2B1E35&#8243; da_disable_devices=&#8221;off|off|off&#8221; global_colors_info=&#8221;{}&#8221; da_is_popup=&#8221;off&#8221; da_exit_intent=&#8221;off&#8221; da_has_close=&#8221;on&#8221; da_alt_close=&#8221;off&#8221; da_dark_close=&#8221;off&#8221; da_not_modal=&#8221;on&#8221; da_is_singular=&#8221;off&#8221; da_with_loader=&#8221;off&#8221; da_has_shadow=&#8221;on&#8221;][et_pb_row _builder_version=&#8221;4.23.4&#8243; _module_preset=&#8221;default&#8221; global_colors_info=&#8221;{}&#8221;][et_pb_column type=&#8221;4_4&#8243; _builder_version=&#8221;4.23.4&#8243; _module_preset=&#8221;default&#8221; global_colors_info=&#8221;{}&#8221;][et_pb_text _builder_version=&#8221;4.25.0&#8243; _module_preset=&#8221;323b0647-719a-46f1-9926-b8aeab5c6f53&#8243; hover_enabled=&#8221;0&#8243; global_colors_info=&#8221;{}&#8221; sticky_enabled=&#8221;0&#8243; max_width=&#8221;550px&#8221; module_alignment=&#8221;center&#8221;]<\/p>\n<h1 style=\"text-align: center;\">Blog<\/h1>\n<p style=\"text-align: center;\">R\u0103m\u00e2i la curent cu nout\u0103\u021bile referitoare la managementul apei \u0219i afla cele mai eficiente solu\u021bii pentru problemele tale<\/p>\n<p>[\/et_pb_text][\/et_pb_column][\/et_pb_row][\/et_pb_section][et_pb_section fb_built=&#8221;1&#8243; _builder_version=&#8221;4.23.4&#8243; _module_preset=&#8221;default&#8221; da_disable_devices=&#8221;off|off|off&#8221; global_colors_info=&#8221;{}&#8221; da_is_popup=&#8221;off&#8221; da_exit_intent=&#8221;off&#8221; da_has_close=&#8221;on&#8221; da_alt_close=&#8221;off&#8221; da_dark_close=&#8221;off&#8221; da_not_modal=&#8221;on&#8221; da_is_singular=&#8221;off&#8221; da_with_loader=&#8221;off&#8221; da_has_shadow=&#8221;on&#8221;][et_pb_row _builder_version=&#8221;4.25.0&#8243; _module_preset=&#8221;default&#8221; hover_enabled=&#8221;0&#8243; global_colors_info=&#8221;{}&#8221; column_structure=&#8221;3_4,1_4&#8243; sticky_enabled=&#8221;0&#8243;][et_pb_column type=&#8221;3_4&#8243; _builder_version=&#8221;4.23.4&#8243; _module_preset=&#8221;default&#8221; global_colors_info=&#8221;{}&#8221;][et_pb_blog fullwidth=&#8221;off&#8221; posts_number=&#8221;12&#8243; include_categories=&#8221;all&#8221; _builder_version=&#8221;4.25.0&#8243; _module_preset=&#8221;default&#8221; hover_enabled=&#8221;0&#8243; global_colors_info=&#8221;{}&#8221; use_manual_excerpt=&#8221;off&#8221; excerpt_length=&#8221;0&#8243; show_author=&#8221;off&#8221; show_date=&#8221;off&#8221; show_excerpt=&#8221;off&#8221; header_font=&#8221;|700|||||||&#8221; show_more=&#8221;on&#8221; body_text_align=&#8221;right&#8221; body_text_color__hover_enabled=&#8221;off|desktop&#8221; body_text_color=&#8221;#EA4E00&#8243; sticky_enabled=&#8221;0&#8243; body_text_color__hover=&#8221;#2B1E35&#8243; body_font=&#8221;||||on|||#EA4E00|&#8221; meta_font=&#8221;||on||||||&#8221;][\/et_pb_blog][\/et_pb_column][et_pb_column type=&#8221;1_4&#8243; _builder_version=&#8221;4.23.4&#8243; _module_preset=&#8221;default&#8221; global_colors_info=&#8221;{}&#8221;][et_pb_sidebar _builder_version=&#8221;4.25.0&#8243; _module_preset=&#8221;default&#8221; orientation=&#8221;right&#8221; hover_enabled=&#8221;0&#8243; sticky_enabled=&#8221;0&#8243; background_enable_color=&#8221;off&#8221;][\/et_pb_sidebar][\/et_pb_column][\/et_pb_row][\/et_pb_section]<\/p>\n","protected":false},"excerpt":{"rendered":"<p>Blog R\u0103m\u00e2i la curent cu nout\u0103\u021bile referitoare la managementul apei \u0219i afla cele mai eficiente solu\u021bii pentru problemele tale<\/p>","protected":false},"author":1,"featured_media":0,"parent":0,"menu_order":0,"comment_status":"closed","ping_status":"closed","template":"","meta":{"_et_pb_use_builder":"on","_et_pb_old_content":"","_et_gb_content_width":"","inline_featured_image":false,"footnotes":""},"class_list":["post-65","page","type-page","status-publish","hentry"],"_links":{"self":[{"href":"https:\/\/emtal.ro\/en\/wp-json\/wp\/v2\/pages\/65","targetHints":{"allow":["GET"]}}],"collection":[{"href":"https:\/\/emtal.ro\/en\/wp-json\/wp\/v2\/pages"}],"about":[{"href":"https:\/\/emtal.ro\/en\/wp-json\/wp\/v2\/types\/page"}],"author":[{"embeddable":true,"href":"https:\/\/emtal.ro\/en\/wp-json\/wp\/v2\/users\/1"}],"replies":[{"embeddable":true,"href":"https:\/\/emtal.ro\/en\/wp-json\/wp\/v2\/comments?post=65"}],"version-history":[{"count":5,"href":"https:\/\/emtal.ro\/en\/wp-json\/wp\/v2\/pages\/65\/revisions"}],"predecessor-version":[{"id":71538,"href":"https:\/\/emtal.ro\/en\/wp-json\/wp\/v2\/pages\/65\/revisions\/71538"}],"wp:attachment":[{"href":"https:\/\/emtal.ro\/en\/wp-json\/wp\/v2\/media?parent=65"}],"curies":[{"name":"wp","href":"https:\/\/api.w.org\/{rel}","templated":true}]}}