{"id":67,"date":"2024-01-14T15:50:17","date_gmt":"2024-01-14T15:50:17","guid":{"rendered":"https:\/\/emtal.ro\/?page_id=67"},"modified":"2024-11-06T16:59:22","modified_gmt":"2024-11-06T14:59:22","slug":"contact","status":"publish","type":"page","link":"https:\/\/emtal.ro\/en\/contact\/","title":{"rendered":"Contact"},"content":{"rendered":"\n[et_pb_section fb_built=&#8221;1&#8243; admin_label=&#8221;Section&#8221; _builder_version=&#8221;4.23.4&#8243; background_color=&#8221;#2B1E35&#8243; custom_padding=&#8221;66px||66px||true|&#8221; da_disable_devices=&#8221;off|off|off&#8221; saved_tabs=&#8221;all&#8221; global_colors_info=&#8221;{}&#8221; da_is_popup=&#8221;off&#8221; da_exit_intent=&#8221;off&#8221; da_has_close=&#8221;on&#8221; da_alt_close=&#8221;off&#8221; da_dark_close=&#8221;off&#8221; da_not_modal=&#8221;on&#8221; da_is_singular=&#8221;off&#8221; da_with_loader=&#8221;off&#8221; da_has_shadow=&#8221;on&#8221;][et_pb_row _builder_version=&#8221;4.16&#8243; global_colors_info=&#8221;{}&#8221;][et_pb_column type=&#8221;4_4&#8243; _builder_version=&#8221;4.16&#8243; custom_padding=&#8221;|||&#8221; global_colors_info=&#8221;{}&#8221; custom_padding__hover=&#8221;|||&#8221;][et_pb_text _builder_version=&#8221;4.23.4&#8243; _module_preset=&#8221;103e5b82-33f2-4207-97f7-087f95682ce1&#8243; header_4_font=&#8221;|700||on|||||&#8221; header_4_text_color=&#8221;#EA4E00&#8243; global_colors_info=&#8221;{}&#8221;]<h4 style=\"text-align: center;\">Ai \u00eentreb\u0103ri?<\/h4>\n<h1 style=\"text-align: center;\">Contacteaz\u0103-ne!<\/h1>[\/et_pb_text][\/et_pb_column][\/et_pb_row][\/et_pb_section][et_pb_section fb_built=&#8221;1&#8243; admin_label=&#8221;Featured Products&#8221; _builder_version=&#8221;4.25.0&#8243; background_color=&#8221;#eae5e1&#8243; custom_padding=&#8221;50px|0px|50px|0px|true|false&#8221; da_disable_devices=&#8221;off|off|off&#8221; global_colors_info=&#8221;{}&#8221; da_is_popup=&#8221;off&#8221; da_exit_intent=&#8221;off&#8221; da_has_close=&#8221;on&#8221; da_alt_close=&#8221;off&#8221; da_dark_close=&#8221;off&#8221; da_not_modal=&#8221;on&#8221; da_is_singular=&#8221;off&#8221; da_with_loader=&#8221;off&#8221; da_has_shadow=&#8221;on&#8221;][et_pb_row _builder_version=&#8221;4.25.0&#8243; custom_padding=&#8221;0px|0px|0px|0px|false|false&#8221; global_colors_info=&#8221;{}&#8221;][et_pb_column type=&#8221;4_4&#8243; _builder_version=&#8221;4.16&#8243; custom_padding=&#8221;|||&#8221; global_colors_info=&#8221;{}&#8221; custom_padding__hover=&#8221;|||&#8221;][et_pb_text _builder_version=&#8221;4.25.0&#8243; header_2_text_color=&#8221;#2B1E35&#8243; header_4_font=&#8221;|700||on|||||&#8221; header_4_text_color=&#8221;#EA4E00&#8243; max_width=&#8221;750px&#8221; module_alignment=&#8221;center&#8221; custom_margin=&#8221;0px||15px||false|false&#8221; global_colors_info=&#8221;{}&#8221;]<h2 style=\"text-align: center;\">Formular de contact<\/h2>[\/et_pb_text][et_pb_text _builder_version=&#8221;4.23.4&#8243; max_width=&#8221;675px&#8221; module_alignment=&#8221;center&#8221; custom_margin=&#8221;||30px||false|false&#8221; global_colors_info=&#8221;{}&#8221;]<p style=\"text-align: center;\">Alternativ, ne po\u021bi contacta complet\u00e2nd formularul de contact de mai jos. R\u0103spundem, de obicei, \u00een maxim 24-48 de ore.<\/p>[\/et_pb_text][\/et_pb_column][\/et_pb_row][et_pb_row _builder_version=&#8221;4.16&#8243; background_size=&#8221;initial&#8221; background_position=&#8221;top_left&#8221; background_repeat=&#8221;repeat&#8221; global_colors_info=&#8221;{}&#8221;][et_pb_column type=&#8221;4_4&#8243; _builder_version=&#8221;4.16&#8243; custom_padding=&#8221;|||&#8221; global_colors_info=&#8221;{}&#8221; custom_padding__hover=&#8221;|||&#8221;][dsm_contact_form_7 cf7_library=&#8221;71541&#8243; _builder_version=&#8221;4.25.0&#8243; _module_preset=&#8221;default&#8221; labels_font=&#8221;|600|||||||&#8221; labels_text_color=&#8221;#2B1E35&#8243; input_textarea_select_line_height=&#8221;1.2em&#8221; radio_checkbox_font=&#8221;||||||||&#8221; radio_checkbox_text_color=&#8221;#2b1e35&#8243; custom_button_one=&#8221;on&#8221; button_one_text_color=&#8221;#FFFFFF&#8221; button_one_bg_use_color_gradient=&#8221;on&#8221; button_one_bg_color_gradient_direction=&#8221;120deg&#8221; button_one_bg_color_gradient_stops=&#8221;#ea4e00 0%|#ff7900 100%&#8221; button_one_border_width=&#8221;0px&#8221; button_one_border_radius=&#8221;3px&#8221; button_one_font=&#8221;|700||on|||||&#8221; button_one_icon_color=&#8221;#FFFFFF&#8221; max_width=&#8221;650px&#8221; module_alignment=&#8221;center&#8221; custom_margin=&#8221;||||false|false&#8221; custom_padding=&#8221;||||false|false&#8221; custom_css_free_form=&#8221;.dsm_contact_form_7 input.text, .dsm_contact_form_7 input.title, .dsm_contact_form_7 input%91type=date%93, .dsm_contact_form_7 input%91type=email%93, .dsm_contact_form_7 input%91type=number%93, .dsm_contact_form_7 input%91type=password%93, .dsm_contact_form_7 input%91type=tel%93, .dsm_contact_form_7 input%91type=text%93, .dsm_contact_form_7 input%91type=url%93, .dsm_contact_form_7 select, .dsm_contact_form_7 textarea {||  padding:10px !important;||}||.dsm_contact_form_7 .wpcf7-form-control.wpcf7-textarea {||  height:100px;||}&#8221; global_colors_info=&#8221;{}&#8221;][\/dsm_contact_form_7][\/et_pb_column][\/et_pb_row][\/et_pb_section][et_pb_section fb_built=&#8221;1&#8243; admin_label=&#8221;Section&#8221; _builder_version=&#8221;4.16&#8243; custom_padding=&#8221;0px|0px|0px|0px|true|false&#8221; da_disable_devices=&#8221;off|off|off&#8221; global_colors_info=&#8221;{}&#8221; da_is_popup=&#8221;off&#8221; da_exit_intent=&#8221;off&#8221; da_has_close=&#8221;on&#8221; da_alt_close=&#8221;off&#8221; da_dark_close=&#8221;off&#8221; da_not_modal=&#8221;on&#8221; da_is_singular=&#8221;off&#8221; da_with_loader=&#8221;off&#8221; da_has_shadow=&#8221;on&#8221;][et_pb_row column_structure=&#8221;1_3,1_3,1_3&#8243; use_custom_gutter=&#8221;on&#8221; gutter_width=&#8221;1&#8243; make_equal=&#8221;on&#8221; _builder_version=&#8221;4.16&#8243; custom_padding=&#8221;0px||0px||true|&#8221; global_colors_info=&#8221;{}&#8221;][et_pb_column type=&#8221;1_3&#8243; _builder_version=&#8221;4.16&#8243; custom_padding=&#8221;|||&#8221; global_colors_info=&#8221;{}&#8221; custom_padding__hover=&#8221;|||&#8221;][et_pb_blurb title=&#8221;Telefon&#8221; use_icon=&#8221;on&#8221; font_icon=&#8221;&#xe00b;||divi||400&#8243; icon_color=&#8221;#EA4E00&#8243; image_icon_width=&#8221;50px&#8221; _builder_version=&#8221;4.27.2&#8243; header_font=&#8221;|700|||||||&#8221; header_text_align=&#8221;center&#8221; header_text_color=&#8221;#2B1E35&#8243; body_font=&#8221;||||||||&#8221; body_text_align=&#8221;center&#8221; body_text_color=&#8221;#2B1E35&#8243; body_line_height=&#8221;1.8em&#8221; custom_padding=&#8221;79px|33px|79px|33px|true|true&#8221; animation=&#8221;off&#8221; hover_enabled=&#8221;0&#8243; border_color_all=&#8221;#297FCA&#8221; border_width_right=&#8221;1px&#8221; border_color_right=&#8221;#e2e2e2&#8243; border_width_left=&#8221;1px&#8221; border_color_left=&#8221;#e2e2e2&#8243; icon_font_size=&#8221;50px&#8221; global_colors_info=&#8221;{}&#8221; body_link_text_color__hover=&#8221;#2B1E35&#8243; body_link_text_color__hover_enabled=&#8221;on|hover&#8221; custom_padding_last_edited=&#8221;on|phone&#8221; custom_padding_phone=&#8221;30px|33px|30px|33px|true|true&#8221; sticky_enabled=&#8221;0&#8243; custom_padding_tablet=&#8221;79px|33px|79px|33px|true|true&#8221;]<p>Disponibil \u00een intervalul 09:00 &#8211; 17:00, de Luni p\u00e2n\u0103 Vineri.<\/p>\n<p><strong><a data-dtype=\"d3ph\" data-local-attribute=\"d3ph\" jscontroller=\"LWZElb\" href=\"tel:0743 240 888\" jsdata=\"QKGTRc;_;AjXFwg\" jsaction=\"rcuQ6b:npT2md;F75qrd\" data-ved=\"2ahUKEwjF972ShNuFAxW13QIHHSEbC8cQkAgoAHoECEYQAw\"><span aria-label=\"Apeleaz\u0103 num\u0103rul de telefon 0743 240 888\">0743 240 888<\/span><\/a><\/strong><\/p>[\/et_pb_blurb][\/et_pb_column][et_pb_column type=&#8221;1_3&#8243; _builder_version=&#8221;4.16&#8243; custom_padding=&#8221;|||&#8221; global_colors_info=&#8221;{}&#8221; custom_padding__hover=&#8221;|||&#8221;][et_pb_blurb title=&#8221;Email&#8221; use_icon=&#8221;on&#8221; font_icon=&#8221;&#xe010;||divi||400&#8243; icon_color=&#8221;#EA4E00&#8243; image_icon_width=&#8221;50px&#8221; _builder_version=&#8221;4.27.2&#8243; header_font=&#8221;|700|||||||&#8221; header_text_align=&#8221;center&#8221; header_text_color=&#8221;#2B1E35&#8243; body_font=&#8221;||||||||&#8221; body_text_align=&#8221;center&#8221; body_text_color=&#8221;#2B1E35&#8243; body_line_height=&#8221;1.8em&#8221; custom_padding=&#8221;79px|33px|79px|33px|true|true&#8221; animation=&#8221;off&#8221; hover_enabled=&#8221;0&#8243; border_color_all=&#8221;#297FCA&#8221; border_width_right=&#8221;1px&#8221; border_color_right=&#8221;#e2e2e2&#8243; border_width_left=&#8221;1px&#8221; border_color_left=&#8221;#e2e2e2&#8243; icon_font_size=&#8221;50px&#8221; global_colors_info=&#8221;{}&#8221; body_link_text_color__hover_enabled=&#8221;on|hover&#8221; body_link_text_color__hover=&#8221;#2B1E35&#8243; custom_padding_last_edited=&#8221;on|phone&#8221; custom_padding_phone=&#8221;30px|33px|30px|33px|true|true&#8221; sticky_enabled=&#8221;0&#8243; custom_padding_tablet=&#8221;79px|33px|79px|33px|true|true&#8221;]<p>R\u0103spundem, de obicei, \u00een maxim 24-48 de ore.<\/p>\n<p><a href=\"mailto:office@emtal.ro\"><strong>office@emtal.ro<\/strong><\/a><\/p>[\/et_pb_blurb][\/et_pb_column][et_pb_column type=&#8221;1_3&#8243; _builder_version=&#8221;4.16&#8243; custom_padding=&#8221;|||&#8221; global_colors_info=&#8221;{}&#8221; custom_padding__hover=&#8221;|||&#8221;][et_pb_blurb title=&#8221;Adres\u0103&#8221; use_icon=&#8221;on&#8221; font_icon=&#8221;&#xe01d;||divi||400&#8243; icon_color=&#8221;#EA4E00&#8243; image_icon_width=&#8221;50px&#8221; _builder_version=&#8221;4.27.2&#8243; header_font=&#8221;|700|||||||&#8221; header_text_align=&#8221;center&#8221; header_text_color=&#8221;#2B1E35&#8243; body_font=&#8221;||||||||&#8221; body_text_align=&#8221;center&#8221; body_text_color=&#8221;#2B1E35&#8243; body_line_height=&#8221;1.8em&#8221; custom_padding=&#8221;79px|33px|79px|33px|true|true&#8221; animation=&#8221;off&#8221; hover_enabled=&#8221;0&#8243; border_color_all=&#8221;#297FCA&#8221; border_width_right=&#8221;1px&#8221; border_color_right=&#8221;#e2e2e2&#8243; border_width_left=&#8221;1px&#8221; border_color_left=&#8221;#e2e2e2&#8243; icon_font_size=&#8221;50px&#8221; global_colors_info=&#8221;{}&#8221; body_link_text_color__hover=&#8221;#2B1E35&#8243; body_link_text_color__hover_enabled=&#8221;on|hover&#8221; custom_padding_last_edited=&#8221;on|phone&#8221; custom_padding_phone=&#8221;0px|33px|6vh|33px|false|true&#8221; sticky_enabled=&#8221;0&#8243; custom_padding_tablet=&#8221;79px|33px|79px|33px|true|true&#8221;]<p>Ne g\u0103si\u021bi la biroul nostru din Flore\u0219ti, jud. Cluj.<\/p>\n<p><a href=\"https:\/\/maps.app.goo.gl\/DCyK1bY2RKZTbSQt6\" target=\"_blank\" rel=\"noopener\"><strong>Str. Eroilor, Nr. 126<\/strong><\/a><\/p>[\/et_pb_blurb][\/et_pb_column][\/et_pb_row][\/et_pb_section][et_pb_section fb_built=&#8221;1&#8243; fullwidth=&#8221;on&#8221; admin_label=&#8221;Section&#8221; module_class=&#8221;maps-container&#8221; _builder_version=&#8221;4.23.4&#8243; custom_margin=&#8221;||0px||false|false&#8221; custom_padding=&#8221;||0px||false|false&#8221; da_popup_slug=&#8221;maps-container&#8221; da_disable_devices=&#8221;off|off|off&#8221; global_colors_info=&#8221;{}&#8221; da_is_popup=&#8221;off&#8221; da_exit_intent=&#8221;off&#8221; da_has_close=&#8221;on&#8221; da_alt_close=&#8221;off&#8221; da_dark_close=&#8221;off&#8221; da_not_modal=&#8221;on&#8221; da_is_singular=&#8221;off&#8221; da_with_loader=&#8221;off&#8221; da_has_shadow=&#8221;on&#8221;][et_pb_fullwidth_code _builder_version=&#8221;4.23.4&#8243; custom_margin=&#8221;||0px||false|false&#8221; custom_padding=&#8221;||0px||false|false&#8221; custom_css_free_form=&#8221;.maps-container .et_pb_fullwidth_code {||  line-height: 0 !important; ||}&#8221; global_colors_info=&#8221;{}&#8221;]<div class=\"maps-container\"><!-- [et_pb_line_break_holder] --><\/div><iframe loading=\"lazy\" class=\"maps-embed\" src=\"https:\/\/www.google.com\/maps\/embed?pb=!1m14!1m8!1m3!1d2734.425977490446!2d23.4797447!3d46.7367824!3m2!1i1024!2i768!4f13.1!3m3!1m2!1s0x4749102618766707%3A0x6da09d3c2db7e8b3!2sEmtal!5e0!3m2!1sro!2sro!4v1715109068433!5m2!1sro!2sro\" width=\"100%\" height=\"500\" frameborder=\"0\" style=\"border:0\" allowfullscreen><\/iframe><!-- [et_pb_line_break_holder] --><\/div>[\/et_pb_fullwidth_code][\/et_pb_section]\n","protected":false},"excerpt":{"rendered":"<p>Ai \u00eentreb\u0103ri? Contacteaz\u0103-ne!Formular de contactAlternativ, ne po\u021bi contacta complet\u00e2nd formularul de contact de mai jos. R\u0103spundem, de obicei, \u00een maxim 24-48 de ore.<div class=\"et_pb_module dsm_contact_form_7 dsm_contact_form_7_0\">\n\t\t\t\t\n\t\t\t\t\n\t\t\t\t\n\t\t\t\t\n\t\t\t\t\n\t\t\t\t\n\t\t\t\t<div class=\"et_pb_module_inner\">\n\t\t\t\t\t<div class=\"\">\n\t\t\t\t\n<div class=\"wpcf7 no-js\" id=\"wpcf7-f71541-o1\" lang=\"en-US\" dir=\"ltr\" data-wpcf7-id=\"71541\">\n<div class=\"screen-reader-response\"><p role=\"status\" aria-live=\"polite\" aria-atomic=\"true\"><\/p> <ul><\/ul><\/div>\n<form action=\"\/en\/wp-json\/wp\/v2\/pages\/67#wpcf7-f71541-o1\" method=\"post\" class=\"wpcf7-form init\" aria-label=\"Contact form\" novalidate=\"novalidate\" data-status=\"init\" data-trp-original-action=\"\/en\/wp-json\/wp\/v2\/pages\/67#wpcf7-f71541-o1\">\n<fieldset class=\"hidden-fields-container\"><input type=\"hidden\" name=\"_wpcf7\" value=\"71541\" \/><input type=\"hidden\" name=\"_wpcf7_version\" value=\"6.1.5\" \/><input type=\"hidden\" name=\"_wpcf7_locale\" value=\"en_US\" \/><input type=\"hidden\" name=\"_wpcf7_unit_tag\" value=\"wpcf7-f71541-o1\" \/><input type=\"hidden\" name=\"_wpcf7_container_post\" value=\"0\" \/><input type=\"hidden\" name=\"_wpcf7_posted_data_hash\" value=\"\" \/><input type=\"hidden\" name=\"_wpcf7_recaptcha_response\" value=\"\" \/>\n<\/fieldset>\n<div class=\"content-column one_half\">\n\t<div style=\"padding:0px;\">\n\t\t<p><span class=\"wpcf7-form-control-wrap\" data-name=\"your-name\"><input size=\"40\" maxlength=\"400\" class=\"wpcf7-form-control wpcf7-text wpcf7-validates-as-required\" aria-required=\"true\" aria-invalid=\"false\" placeholder=\"Full name*\" value=\"\" type=\"text\" name=\"your-name\" \/><\/span>\n\t\t<\/p>\n\t<\/div>\n<\/div>\n<div class=\"content-column one_half last_column\">\n\t<p><span class=\"wpcf7-form-control-wrap\" data-name=\"your-email\"><input size=\"40\" maxlength=\"400\" class=\"wpcf7-form-control wpcf7-email wpcf7-validates-as-required wpcf7-text wpcf7-validates-as-email\" aria-required=\"true\" aria-invalid=\"false\" placeholder=\"Email address*\" value=\"\" type=\"email\" name=\"your-email\" \/><\/span>\n\t<\/p>\n<\/div>\n<div class=\"content-column one_half\">\n\t<div style=\"padding:0px;\">\n\t\t<p><span class=\"wpcf7-form-control-wrap\" data-name=\"tel-837\"><input size=\"40\" maxlength=\"400\" class=\"wpcf7-form-control wpcf7-tel wpcf7-validates-as-required wpcf7-text wpcf7-validates-as-tel\" aria-required=\"true\" aria-invalid=\"false\" placeholder=\"Phone number*\" value=\"\" type=\"tel\" name=\"tel-837\" \/><\/span>\n\t\t<\/p>\n\t<\/div>\n<\/div>\n<div class=\"content-column one_half last_column\">\n\t<p><span class=\"wpcf7-form-control-wrap dsm-contact-form-7-select\" data-name=\"menu-578\"><select class=\"wpcf7-form-control wpcf7-select wpcf7-validates-as-required et_pb_contact_select input\" aria-required=\"true\" aria-invalid=\"false\" name=\"menu-578\"><option value=\"\">How can we help?*<\/option><option value=\"\u00centreb\u0103ri generale\">General enquiries<\/option><option value=\"Cerere ofert\u0103\">Quote request<\/option><option value=\"Consultan\u021b\u0103\">Consulting<\/option><option value=\"Proiectare\">Design services<\/option><option value=\"Altele\">Other<\/option><\/select><\/span>\n\t<\/p>\n<\/div>\n<div class=\"content-column\">\n\t<p><span class=\"wpcf7-form-control-wrap\" data-name=\"text-694\"><textarea cols=\"40\" rows=\"10\" maxlength=\"2000\" class=\"wpcf7-form-control wpcf7-textarea\" aria-invalid=\"false\" placeholder=\"Any other relevant details...\" name=\"text-694\"><\/textarea><\/span>\n\t<\/p>\n<\/div>\n<p><span class=\"wpcf7-form-control-wrap\" data-name=\"acceptance-384\"><span class=\"wpcf7-form-control wpcf7-acceptance\"><span class=\"wpcf7-list-item\"><label><input type=\"checkbox\" name=\"acceptance-384\" value=\"1\" aria-invalid=\"false\" \/><span class=\"wpcf7-list-item-label\">I agree to <a href=\"\/en\/termeni-si-conditii\/\" target=\"_blank\">the terms and conditions<\/a>.<\/span><\/label><\/span><\/span><\/span><br \/>\n<div id=\"cf7sr-69f23ae133279\" class=\"cf7sr-g-recaptcha\" data-theme=\"light\" data-type=\"image\" data-size=\"normal\" data-sitekey=\"6Lcb0pgqAAAAABjkfMp4ITds--tBgGCA6gbi9tjz\"><\/div><span class=\"wpcf7-form-control-wrap cf7sr-recaptcha\" data-name=\"cf7sr-recaptcha\"><input type=\"hidden\" name=\"cf7sr-recaptcha\" value=\"\" class=\"wpcf7-form-control\"><\/span><br \/>\n<button class=\"wpcf7-form-control wpcf7-submit has-spinner et_pb_button et_pb_bg_layout_light\" type=\"submit\" value=\"Trimite cerere\">Send request<\/button>\n<\/p><div class=\"wpcf7-response-output\" aria-hidden=\"true\"><\/div>\n<input type=\"hidden\" name=\"trp-form-language\" value=\"en\"\/><\/form>\n<\/div>\n\n\t\t\t<\/div>\n\t\t\t\t<\/div>\n\t\t\t<\/div>Disponibil \u00een intervalul 09:00 &#8211; 17:00, de Luni p\u00e2n\u0103 Vineri. 0743 240 888R\u0103spundem, de obicei, \u00een maxim 24-48 de ore. office@emtal.roNe g\u0103si\u021bi la biroul nostru din Flore\u0219ti, jud. Cluj. Str. Eroilor, Nr. 126<\/p>","protected":false},"author":1,"featured_media":0,"parent":0,"menu_order":0,"comment_status":"closed","ping_status":"closed","template":"","meta":{"_et_pb_use_builder":"on","_et_pb_old_content":"<!-- wp:divi\/placeholder \/-->","_et_gb_content_width":"","inline_featured_image":false,"footnotes":""},"class_list":["post-67","page","type-page","status-publish","hentry"],"_links":{"self":[{"href":"https:\/\/emtal.ro\/en\/wp-json\/wp\/v2\/pages\/67","targetHints":{"allow":["GET"]}}],"collection":[{"href":"https:\/\/emtal.ro\/en\/wp-json\/wp\/v2\/pages"}],"about":[{"href":"https:\/\/emtal.ro\/en\/wp-json\/wp\/v2\/types\/page"}],"author":[{"embeddable":true,"href":"https:\/\/emtal.ro\/en\/wp-json\/wp\/v2\/users\/1"}],"replies":[{"embeddable":true,"href":"https:\/\/emtal.ro\/en\/wp-json\/wp\/v2\/comments?post=67"}],"version-history":[{"count":12,"href":"https:\/\/emtal.ro\/en\/wp-json\/wp\/v2\/pages\/67\/revisions"}],"predecessor-version":[{"id":72493,"href":"https:\/\/emtal.ro\/en\/wp-json\/wp\/v2\/pages\/67\/revisions\/72493"}],"wp:attachment":[{"href":"https:\/\/emtal.ro\/en\/wp-json\/wp\/v2\/media?parent=67"}],"curies":[{"name":"wp","href":"https:\/\/api.w.org\/{rel}","templated":true}]}}